{"id":476,"date":"2020-04-23T16:42:00","date_gmt":"2020-04-23T15:42:00","guid":{"rendered":"https:\/\/www.hotelsaintjacquesblois.com\/?page_id=476"},"modified":"2025-12-02T19:07:04","modified_gmt":"2025-12-02T18:07:04","slug":"gruppi","status":"publish","type":"page","link":"https:\/\/www.hotelsaintjacquesblois.com\/it\/gruppi\/","title":{"rendered":"gruppi"},"content":{"rendered":"\n<h2 class=\"wp-block-heading\">Offerte per gruppi<\/h2>\n\n\n\n<p>Prezzi in formula Mezza Pensione ( cena + camera + colazione). Il pasto viene servito nel nostro ristorante<\/p>\n\n\n\n<p> <a href=\"https:\/\/www.hotelsaintjacquesblois.com\/restaurant\/\">L&#8217; Atelier<\/a> &nbsp;<\/p>\n\n\n\n<h2 class=\"wp-block-heading\">La nostra offerta classica *<\/h2>\n\n\n\n<p>Individuelle : <br>\u00a0Doppio \/ twin : 2 personne<br>\u00a0Triplicare :   2 adultes + 1 enfant<br>\u00a0Quadrupla o quintupla :  4 ou 5 adulti  \u00a0<\/p>\n\n\n\n<h3 class=\"wp-block-heading\">Gli antipasti<\/h3>\n\n\n\n<ul class=\"wp-block-list\"><li>Assiette de charcuterie<\/li><li>Salade de saumon fum\u00e9<\/li><li>Salade ch\u00e8vre chaud<\/li><\/ul>\n\n\n\n<h3 class=\"wp-block-heading\">I piatti<\/h3>\n\n\n\n<ul class=\"wp-block-list\"><li>Joue de porc<\/li><li>Cuisse de canard confite<\/li><li>Saumon grill\u00e9<\/li><\/ul>\n\n\n\n<h3 class=\"wp-block-heading\">I desserts<\/h3>\n\n\n\n<ul class=\"wp-block-list\"><li>Tarte Tatin<\/li><li>Mousse au chocolat<\/li><li>Coupe de glace<\/li><\/ul>\n\n\n\n<h2 class=\"wp-block-heading\">La nostra offerta gourmet *<\/h2>\n\n\n\n<p>Individuale :  <br>Doppio \/ twin :  2 personne<br>Triplicare :  2 adultes + 1 enfant <br>Quadrupla o quintupla :  4 ou 5 adulti <\/p>\n\n\n\n<h3 class=\"wp-block-heading\">Gli antipasti<\/h3>\n\n\n\n<ul class=\"wp-block-list\"><li>Assiette de rillons&nbsp;<\/li><li>Tartare aux deux saumons<\/li><li>Foie gras&nbsp;<\/li><\/ul>\n\n\n\n<h3 class=\"wp-block-heading\">I piatti<\/h3>\n\n\n\n<ul class=\"wp-block-list\"><li>Travers de porc sauce miel et abricot<\/li><li>Pintade aux deux pommes<\/li><li>Poissons frais du march\u00e9<\/li><\/ul>\n\n\n\n<h3 class=\"wp-block-heading\">I desserts<\/h3>\n\n\n\n<ul class=\"wp-block-list\"><li>For\u00eat noire<\/li><li>Vacherin<\/li><li>Mi cru mi cuit au chocolat<\/li><\/ul>\n\n\n\n<h3 class=\"wp-block-heading\">Prezzi forfetari B&amp;B ( camera + colazione )&nbsp;<\/h3>\n\n\n\n<ul class=\"wp-block-list\"><li>Contact us for price<\/li><li>+ tassa di soggornio : 0,90 \u20ac\u00a0\/ personne \u00a0<\/li><li>1\u00a0formula gratuita concessa per gruppo di 20 persone.\u00a0<br>\u00a0 \u00a0 \u00a0 \u00a0<\/li><\/ul>\n\n\n\n<p><em>* Notre chef se tient a votre disposition pour d&#8217;autres suggestions.&nbsp;<\/em><\/p>\n\n\n\n<p>Le menu devra \u00eatre le m\u00eame pour tout le groupe.<br>Pour valider la r\u00e9servation, nous avons besoin d&#8217;un acompte de 30 %. Le solde devra \u00eatre r\u00e9gl\u00e9 15 jours avant l&#8217;arriv\u00e9e de votre groupe.&nbsp;<br>Nous offrons la gratuit\u00e9 pour le chauffeur. &nbsp;&nbsp;<br>Nous rappelons que notre h\u00f4tel ne dispose pas d&#8217;ascenseur (2 \u00e9tages) et par cons\u00e9quent, merci de pr\u00e9venir les clients et de nous le pr\u00e9ciser lors de la r\u00e9servation pour la rooming-list.<\/p>\n","protected":false},"excerpt":{"rendered":"<p>Offerte per gruppi Prezzi in formula Mezza Pensione ( cena + camera + colazione). Il pasto viene servito nel nostro ristorante L&#8217; Atelier &nbsp; La nostra offerta classica * Individuelle : \u00a0Doppio \/ twin : 2 personne\u00a0Triplicare : 2 adultes + 1 enfant\u00a0Quadrupla o quintupla : 4 ou 5 adulti \u00a0 Gli antipasti Assiette de [&hellip;]<\/p>\n","protected":false},"author":1,"featured_media":0,"parent":0,"menu_order":0,"comment_status":"closed","ping_status":"closed","template":"","meta":{"_acf_changed":false,"om_disable_all_campaigns":false,"_monsterinsights_skip_tracking":false,"_monsterinsights_sitenote_active":false,"_monsterinsights_sitenote_note":"","_monsterinsights_sitenote_category":0,"footnotes":""},"class_list":["post-476","page","type-page","status-publish","hentry"],"acf":[],"aioseo_notices":[],"_links":{"self":[{"href":"https:\/\/www.hotelsaintjacquesblois.com\/it\/wp-json\/wp\/v2\/pages\/476","targetHints":{"allow":["GET"]}}],"collection":[{"href":"https:\/\/www.hotelsaintjacquesblois.com\/it\/wp-json\/wp\/v2\/pages"}],"about":[{"href":"https:\/\/www.hotelsaintjacquesblois.com\/it\/wp-json\/wp\/v2\/types\/page"}],"author":[{"embeddable":true,"href":"https:\/\/www.hotelsaintjacquesblois.com\/it\/wp-json\/wp\/v2\/users\/1"}],"replies":[{"embeddable":true,"href":"https:\/\/www.hotelsaintjacquesblois.com\/it\/wp-json\/wp\/v2\/comments?post=476"}],"version-history":[{"count":10,"href":"https:\/\/www.hotelsaintjacquesblois.com\/it\/wp-json\/wp\/v2\/pages\/476\/revisions"}],"predecessor-version":[{"id":2213,"href":"https:\/\/www.hotelsaintjacquesblois.com\/it\/wp-json\/wp\/v2\/pages\/476\/revisions\/2213"}],"wp:attachment":[{"href":"https:\/\/www.hotelsaintjacquesblois.com\/it\/wp-json\/wp\/v2\/media?parent=476"}],"curies":[{"name":"wp","href":"https:\/\/api.w.org\/{rel}","templated":true}]}}