{"id":400,"date":"2020-04-19T22:51:27","date_gmt":"2020-04-19T21:51:27","guid":{"rendered":"https:\/\/www.hotelsaintjacquesblois.com\/?page_id=400"},"modified":"2025-04-13T08:12:42","modified_gmt":"2025-04-13T07:12:42","slug":"hotel-moderno-e-spazioso","status":"publish","type":"page","link":"https:\/\/www.hotelsaintjacquesblois.com\/it\/","title":{"rendered":"Hotel moderno e spazioso"},"content":{"rendered":"\n<div class=\"wp-block-media-text alignwide has-media-on-the-right is-stacked-on-mobile\"><figure class=\"wp-block-media-text__media\"><img loading=\"lazy\" decoding=\"async\" width=\"1495\" height=\"896\" src=\"https:\/\/www.hotelsaintjacquesblois.com\/wp-content\/uploads\/2020\/04\/facade.jpg\" alt=\"\" class=\"wp-image-120\" srcset=\"https:\/\/www.hotelsaintjacquesblois.com\/wp-content\/uploads\/2020\/04\/facade.jpg 1495w, https:\/\/www.hotelsaintjacquesblois.com\/wp-content\/uploads\/2020\/04\/facade-300x180.jpg 300w, https:\/\/www.hotelsaintjacquesblois.com\/wp-content\/uploads\/2020\/04\/facade-768x460.jpg 768w\" sizes=\"auto, (max-width: 1495px) 100vw, 1495px\" \/><\/figure><div class=\"wp-block-media-text__content\">\n<h2 class=\"wp-block-heading\">L&#8217;h\u00f4tel Saint Jacques<\/h2>\n\n\n\n<h3 class=\"wp-block-heading\">Hotel-Ristorante Saint-Jacques a Blois: un soggiorno confortevole nel cuore della Valle della Loira<\/h3>\n\n\n\n<p>&nbsp;L&#8217;H\u00f4tel-Restaurant Saint-Jacques di Blois, situato nello splendido dipartimento del Loir-et-Cher, \u00e8 il luogo ideale per un soggiorno indimenticabile nel cuore della Valle della Loira. Che siate in viaggio d&#8217;affari, in una fuga romantica o in una vacanza in famiglia, questo hotel unisce comfort, fascino e gastronomia per offrirvi un&#8217;esperienza unica. Inoltre, la sua vicinanza ai castelli pi\u00f9 famosi della regione, come Chambord, Cheverny, Amboise e Chenonceau, ne fa una destinazione privilegiata per gli amanti del patrimonio storico.<\/p>\n\n\n\n<p>&nbsp;L&#8217;H\u00f4tel Saint-Jacques si distingue per il suo ambiente caldo e accogliente. Con le sue camere moderne ed eleganti, offre ai suoi ospiti un&#8217;atmosfera di relax e comfort. Ogni camera \u00e8 dotata di comfort moderni per garantire un soggiorno piacevole, sia che si tratti di una notte o di un soggiorno prolungato. Un servizio impeccabile e la massima attenzione ai dettagli vi garantiranno un momento di totale relax.<\/p>\n\n\n\n<h3 class=\"wp-block-heading\">Un ristorante che serve la tradizione<\/h3>\n\n\n\n<p>&nbsp;L&#8217;H\u00f4tel Saint-Jacques ospita anche un rinomato ristorante. Lo chef e il suo team vi propongono una cucina raffinata che valorizza i prodotti locali della regione. Ogni piatto \u00e8 un vero invito alla scoperta dei sapori della Valle della Loira, con specialit\u00e0 come il formaggio di capra, il pesce fresco dei fiumi vicini e, naturalmente, i famosi vini locali.<\/p>\n\n\n\n<h3 class=\"wp-block-heading\">&nbsp;I castelli della Valle della Loira: Chambord, Cheverny, Amboise e Chenonceau<\/h3>\n\n\n\n<p>Una delle maggiori attrazioni della regione \u00e8 senza dubbio la visita ai castelli della Loira. L&#8217;H\u00f4tel Saint-Jacques \u00e8 un ottimo punto di partenza per esplorare queste meraviglie architettoniche, ognuna con una storia unica da raccontare.<\/p>\n\n\n\n<h3 class=\"wp-block-heading\">&nbsp;Il castello di Chambord<\/h3>\n\n\n\n<p>&nbsp;A soli 20 minuti da Blois, il castello di Chambord \u00e8 senza dubbio il pi\u00f9 grande e il pi\u00f9 emblematico dei castelli della Valle della Loira. La sua maestosa architettura rinascimentale e i suoi vasti giardini sono mozzafiato. La storia di Francesco I e il suo amore per l&#8217;arte e la cultura si intrecciano con la bellezza di questo luogo. Una visita al castello e ai suoi dintorni promette un vero e proprio viaggio nel tempo.<\/p>\n\n\n\n<h3 class=\"wp-block-heading\">&nbsp;Castello di Cheverny<\/h3>\n\n\n\n<p>&nbsp;A 30 minuti da Blois, il castello di Cheverny \u00e8 un altro gioiello della regione. Questo castello \u00e8 particolarmente noto per la sua elegante architettura e i superbi giardini alla francese. Questo luogo ispir\u00f2 Herg\u00e9 per il suo celebre castello di Moulinsart nelle avventure di Tintin. La visita vi permetter\u00e0 di scoprire non solo l&#8217;architettura, ma anche l&#8217;affascinante storia della famiglia che ancora oggi vi abita.<\/p>\n\n\n\n<h3 class=\"wp-block-heading\">&nbsp;Il castello di Amboise<\/h3>\n\n\n\n<p>&nbsp;Il castello di Amboise, situato a circa 40 minuti da Blois, offre viste mozzafiato sulla Loira. Questo castello reale, che ha ospitato numerosi re di Francia, tra cui Carlo VIII e Francesco I, \u00e8 una tappa obbligata per gli appassionati di storia. Ospita anche la tomba di Leonardo da Vinci, che trascorse i suoi ultimi anni in Francia sotto la protezione del re Francesco I.<\/p>\n\n\n\n<h3 class=\"wp-block-heading\">&nbsp;Il castello di Chenonceau<\/h3>\n\n\n\n<p>&nbsp;Infine, il castello di Chenonceau, a soli 45 minuti da Blois, \u00e8 uno dei pi\u00f9 visitati della regione. Soprannominato &#8220;Ch\u00e2teau des Dames&#8221;, \u00e8 noto per la sua architettura unica che attraversa il fiume Cher. Il castello \u00e8 famoso anche per la sua affascinante storia, segnata dalle donne influenti che vi hanno vissuto, tra cui Caterina de&#8217; Medici e Diana di Poitiers. La sua magnifica galleria d&#8217;acqua e i giardini mozzafiato lo rendono una tappa obbligata.<\/p>\n\n\n\n<h3 class=\"wp-block-heading\">&nbsp;Visitare i castelli e soggiornare al Saint-Jacques: una combinazione perfetta<\/h3>\n\n\n\n<p>&nbsp;Soggiornare all&#8217;H\u00f4tel-Restaurant Saint-Jacques di Blois vi permetter\u00e0 non solo di godere del comfort dell&#8217;hotel e della gastronomia del ristorante, ma anche di esplorare alcuni dei castelli pi\u00f9 belli di Francia. Che siate appassionati di storia, appassionati di architettura o semplicemente alla ricerca di bellezze naturali, la Valle della Loira vi offrir\u00e0 un&#8217;esperienza indimenticabile. Le visite a Chambord, Cheverny, Amboise e Chenonceau sono occasioni imperdibili per scoprire lo straordinario patrimonio della regione.<\/p>\n\n\n\n<p>&nbsp;L&#8217;H\u00f4tel-Restaurant Saint-Jacques di Blois \u00e8 la destinazione ideale per i viaggiatori in cerca di comfort, cultura e gastronomia. Grazie alla sua posizione privilegiata nel cuore della Valle della Loira, potrete scoprire facilmente i famosi castelli di Chambord, Cheverny, Amboise e Chenonceau, beneficiando al contempo di una sistemazione di qualit\u00e0. Prenota subito il tuo soggiorno all&#8217;H\u00f4tel Saint-Jacques e immergiti nella storia e nella bellezza di questa regione eccezionale.<\/p>\n\n\n\n<p>l&#8217;hotel St Jacques offre 24 camere spaziose e accoglienti.  Le nostre camere sono molto  confortevoli con doccia e WC ,  TV satellitare, wifi gratuito. Sarai a  cinque minuti a piedi dal centro storico,  dal castello di Blois, dalla casa della  magia ea  pochi chilometri dai castelli della Loira  &#8230;<\/p>\n<\/div><\/div>\n\n\n\n<ul class=\"wp-block-list\"><li>Giorni e orari de apertura :<\/li><li>Lunedi : 7 h 00 \u00e0 12 h 00 &#8211; 15 h 00 \u00e0 22 h 00<\/li><li>Martedi : 7 h 00 \u00e0 12 h 00 &#8211; 15 h 00 \u00e0 22 h 00<\/li><li>Mercoledi : 7 h 00 \u00e0 12 h 00 &#8211; 15 h 00 \u00e0 22 h 00<\/li><li>Giovedi : 7 h 00 \u00e0 12 h 00 &#8211; 15 h 00 \u00e0 22 h 00<\/li><li>Venerdi : 7 h 00 \u00e0 12 h 00 &#8211; 15 h 00 \u00e0 22 h 00<\/li><li>Sabato : 7 h 00 \u00e0 12 h 00 &#8211; 15 h 00 \u00e0 22 h 00<\/li><li>Domenica : 7 h 00 \u00e0 12 h 00 &#8211; 17 h 00 \u00e0 22 h 00<\/li><\/ul>\n","protected":false},"excerpt":{"rendered":"<p>L&#8217;h\u00f4tel Saint Jacques Hotel-Ristorante Saint-Jacques a Blois: un soggiorno confortevole nel cuore della Valle della Loira &nbsp;L&#8217;H\u00f4tel-Restaurant Saint-Jacques di Blois, situato nello splendido dipartimento del Loir-et-Cher, \u00e8 il luogo ideale per un soggiorno indimenticabile nel cuore della Valle della Loira. Che siate in viaggio d&#8217;affari, in una fuga romantica o in una vacanza in famiglia, [&hellip;]<\/p>\n","protected":false},"author":1,"featured_media":0,"parent":0,"menu_order":0,"comment_status":"closed","ping_status":"closed","template":"","meta":{"_acf_changed":false,"om_disable_all_campaigns":false,"_monsterinsights_skip_tracking":false,"_monsterinsights_sitenote_active":false,"_monsterinsights_sitenote_note":"","_monsterinsights_sitenote_category":0,"footnotes":""},"class_list":["post-400","page","type-page","status-publish","hentry"],"acf":[],"aioseo_notices":[],"_links":{"self":[{"href":"https:\/\/www.hotelsaintjacquesblois.com\/it\/wp-json\/wp\/v2\/pages\/400","targetHints":{"allow":["GET"]}}],"collection":[{"href":"https:\/\/www.hotelsaintjacquesblois.com\/it\/wp-json\/wp\/v2\/pages"}],"about":[{"href":"https:\/\/www.hotelsaintjacquesblois.com\/it\/wp-json\/wp\/v2\/types\/page"}],"author":[{"embeddable":true,"href":"https:\/\/www.hotelsaintjacquesblois.com\/it\/wp-json\/wp\/v2\/users\/1"}],"replies":[{"embeddable":true,"href":"https:\/\/www.hotelsaintjacquesblois.com\/it\/wp-json\/wp\/v2\/comments?post=400"}],"version-history":[{"count":18,"href":"https:\/\/www.hotelsaintjacquesblois.com\/it\/wp-json\/wp\/v2\/pages\/400\/revisions"}],"predecessor-version":[{"id":2191,"href":"https:\/\/www.hotelsaintjacquesblois.com\/it\/wp-json\/wp\/v2\/pages\/400\/revisions\/2191"}],"wp:attachment":[{"href":"https:\/\/www.hotelsaintjacquesblois.com\/it\/wp-json\/wp\/v2\/media?parent=400"}],"curies":[{"name":"wp","href":"https:\/\/api.w.org\/{rel}","templated":true}]}}