{"id":713,"date":"2020-04-25T20:32:16","date_gmt":"2020-04-25T19:32:16","guid":{"rendered":"https:\/\/www.hotelsaintjacquesblois.com\/?page_id=713"},"modified":"2022-07-15T18:00:12","modified_gmt":"2022-07-15T17:00:12","slug":"activite","status":"publish","type":"page","link":"https:\/\/www.hotelsaintjacquesblois.com\/es\/idealmente-situado-para-visitar-los-castillos-del-loira\/activite\/","title":{"rendered":"Actividades"},"content":{"rendered":"\n<div class=\"wp-block-media-text alignwide is-stacked-on-mobile\" style=\"grid-template-columns:28% auto\"><figure class=\"wp-block-media-text__media\"><img loading=\"lazy\" decoding=\"async\" width=\"1920\" height=\"1280\" src=\"https:\/\/www.hotelsaintjacquesblois.com\/wp-content\/uploads\/2020\/04\/blois_-_facade_des_loges_blois_france-1920x1280.jpg\" alt=\"ch\u00e2teau de blois\" class=\"wp-image-677\" srcset=\"https:\/\/www.hotelsaintjacquesblois.com\/wp-content\/uploads\/2020\/04\/blois_-_facade_des_loges_blois_france-1920x1280.jpg 1920w, https:\/\/www.hotelsaintjacquesblois.com\/wp-content\/uploads\/2020\/04\/blois_-_facade_des_loges_blois_france-300x200.jpg 300w, https:\/\/www.hotelsaintjacquesblois.com\/wp-content\/uploads\/2020\/04\/blois_-_facade_des_loges_blois_france-768x512.jpg 768w, https:\/\/www.hotelsaintjacquesblois.com\/wp-content\/uploads\/2020\/04\/blois_-_facade_des_loges_blois_france-1536x1024.jpg 1536w, https:\/\/www.hotelsaintjacquesblois.com\/wp-content\/uploads\/2020\/04\/blois_-_facade_des_loges_blois_france-2048x1366.jpg 2048w\" sizes=\"auto, (max-width: 1920px) 100vw, 1920px\" \/><\/figure><div class=\"wp-block-media-text__content\">\n<p class=\"has-large-font-size\">Descubre Blois<\/p>\n\n\n\n<p class=\"has-normal-font-size\">Durante su estancia en nuestro establecimiento, puede visitar nuestra encantadora ciudad. Explore las viejas calles, visite el castillo real de Blois, la catedral, pasee por el Loira. Al final del d\u00eda, puede cenar en nuestro restaurante \u00ab<a href=\"http:\/\/www.hotelsaintjacquesblois.com\/es\/restaurant\/carte\/\">L&#8217; Atelier<\/a>\u00ab.<\/p>\n\n\n\n<p><\/p>\n<\/div><\/div>\n\n\n\n<div class=\"wp-block-media-text alignwide is-stacked-on-mobile\" style=\"grid-template-columns:28% auto\"><figure class=\"wp-block-media-text__media\"><img loading=\"lazy\" decoding=\"async\" width=\"720\" height=\"315\" src=\"https:\/\/www.hotelsaintjacquesblois.com\/wp-content\/uploads\/2020\/04\/0.jpeg\" alt=\"\" class=\"wp-image-289\" srcset=\"https:\/\/www.hotelsaintjacquesblois.com\/wp-content\/uploads\/2020\/04\/0.jpeg 720w, https:\/\/www.hotelsaintjacquesblois.com\/wp-content\/uploads\/2020\/04\/0-300x131.jpeg 300w\" sizes=\"auto, (max-width: 720px) 100vw, 720px\" \/><\/figure><div class=\"wp-block-media-text__content\">\n<p class=\"has-large-font-size\">Visita el zool\u00f3gico de Beauval<\/p>\n\n\n\n<p class=\"has-normal-font-size\">Aproveche su estad\u00eda en Blois para visitar la PANDA del zool\u00f3gico de Beauval. Nuestros precios atractivos le permitir\u00e1n combinar una visita cultural a los castillos del Valle del Loira y una divertida visita al zool\u00f3gico de Beauval. De vuelta en el hotel, puede cenar en nuestro restaurante \u00ab<a href=\"http:\/\/www.hotelsaintjacquesblois.com\/es\/restaurant\/carte\/\">L&#8217; Atelier<\/a>\u00ab.<\/p>\n\n\n\n<p><\/p>\n<\/div><\/div>\n\n\n\n<div class=\"wp-block-media-text alignwide is-stacked-on-mobile\" style=\"grid-template-columns:28% auto\"><figure class=\"wp-block-media-text__media\"><img loading=\"lazy\" decoding=\"async\" width=\"310\" height=\"162\" src=\"https:\/\/www.hotelsaintjacquesblois.com\/wp-content\/uploads\/2020\/04\/chateau-de-blois.jpg\" alt=\"\" class=\"wp-image-665\" srcset=\"https:\/\/www.hotelsaintjacquesblois.com\/wp-content\/uploads\/2020\/04\/chateau-de-blois.jpg 310w, https:\/\/www.hotelsaintjacquesblois.com\/wp-content\/uploads\/2020\/04\/chateau-de-blois-300x157.jpg 300w\" sizes=\"auto, (max-width: 310px) 100vw, 310px\" \/><\/figure><div class=\"wp-block-media-text__content\">\n<p class=\"has-large-font-size\">Sonido y luz en el castillo<\/p>\n\n\n\n<p class=\"has-normal-font-size\">Aproveche su estad\u00eda en Blois para ver el nuevo \u00abSonido y Luz\u00bb del castillo de Blois. Despu\u00e9s de su cena en nuestro restaurante \u00ab<a href=\"http:\/\/www.hotelsaintjacquesblois.com\/es\/restaurant\/carte\/\">L&#8217; Atelier<\/a>\u00ab, vaya al patio del castillo para admirar un magn\u00edfico espect\u00e1culo.<\/p>\n\n\n\n<p><\/p>\n\n\n\n<p><\/p>\n<\/div><\/div>\n","protected":false},"excerpt":{"rendered":"<p>Descubre Blois Durante su estancia en nuestro establecimiento, puede visitar nuestra encantadora ciudad. Explore las viejas calles, visite el castillo real de Blois, la catedral, pasee por el Loira. Al final del d\u00eda, puede cenar en nuestro restaurante \u00abL&#8217; Atelier\u00ab. Visita el zool\u00f3gico de Beauval Aproveche su estad\u00eda en Blois para visitar la PANDA del [&hellip;]<\/p>\n","protected":false},"author":1,"featured_media":0,"parent":453,"menu_order":0,"comment_status":"closed","ping_status":"closed","template":"","meta":{"_acf_changed":false,"om_disable_all_campaigns":false,"_monsterinsights_skip_tracking":false,"_monsterinsights_sitenote_active":false,"_monsterinsights_sitenote_note":"","_monsterinsights_sitenote_category":0,"footnotes":""},"class_list":["post-713","page","type-page","status-publish","hentry"],"acf":[],"aioseo_notices":[],"_links":{"self":[{"href":"https:\/\/www.hotelsaintjacquesblois.com\/es\/wp-json\/wp\/v2\/pages\/713","targetHints":{"allow":["GET"]}}],"collection":[{"href":"https:\/\/www.hotelsaintjacquesblois.com\/es\/wp-json\/wp\/v2\/pages"}],"about":[{"href":"https:\/\/www.hotelsaintjacquesblois.com\/es\/wp-json\/wp\/v2\/types\/page"}],"author":[{"embeddable":true,"href":"https:\/\/www.hotelsaintjacquesblois.com\/es\/wp-json\/wp\/v2\/users\/1"}],"replies":[{"embeddable":true,"href":"https:\/\/www.hotelsaintjacquesblois.com\/es\/wp-json\/wp\/v2\/comments?post=713"}],"version-history":[{"count":5,"href":"https:\/\/www.hotelsaintjacquesblois.com\/es\/wp-json\/wp\/v2\/pages\/713\/revisions"}],"predecessor-version":[{"id":2083,"href":"https:\/\/www.hotelsaintjacquesblois.com\/es\/wp-json\/wp\/v2\/pages\/713\/revisions\/2083"}],"up":[{"embeddable":true,"href":"https:\/\/www.hotelsaintjacquesblois.com\/es\/wp-json\/wp\/v2\/pages\/453"}],"wp:attachment":[{"href":"https:\/\/www.hotelsaintjacquesblois.com\/es\/wp-json\/wp\/v2\/media?parent=713"}],"curies":[{"name":"wp","href":"https:\/\/api.w.org\/{rel}","templated":true}]}}