{"id":478,"date":"2020-04-23T16:42:29","date_gmt":"2020-04-23T15:42:29","guid":{"rendered":"https:\/\/www.hotelsaintjacquesblois.com\/?page_id=478"},"modified":"2025-12-02T19:08:09","modified_gmt":"2025-12-02T18:08:09","slug":"grupos","status":"publish","type":"page","link":"https:\/\/www.hotelsaintjacquesblois.com\/es\/grupos\/","title":{"rendered":"Grupos"},"content":{"rendered":"\n<h2 class=\"wp-block-heading\">Ofertas para grupos<\/h2>\n\n\n\n<h4 class=\"wp-block-heading\">Tarifa media pension (cena + alojamiento + desayuno ).                                                                                La comida se sirve en nuestro restaurante pareja L&#8217; Atelier<\/h4>\n\n\n\n<p><\/p>\n\n\n\n<h2 class=\"wp-block-heading\">Nuestra oferta clasica *<\/h2>\n\n\n\n<p>Individual : \u00a0<br>\u00a0Doble \/ twin : 2  persona<br>\u00a0Triple :   2 adultos + 1 nino<br>\u00a0Cuadruplicare ou quintuplicar : 4 ou 5 adultos  <\/p>\n\n\n\n<h3 class=\"wp-block-heading\">Las entradas<\/h3>\n\n\n\n<ul class=\"wp-block-list\"><li>Assiette de charcuterie<\/li><li>Salade de saumon fum\u00e9<\/li><li>Salade ch\u00e8vre chaud<\/li><\/ul>\n\n\n\n<h3 class=\"wp-block-heading\">Los platos<\/h3>\n\n\n\n<ul class=\"wp-block-list\"><li>Joue de porc<\/li><li>Cuisse de canard confite<\/li><li>Saumon grill\u00e9<\/li><\/ul>\n\n\n\n<h3 class=\"wp-block-heading\">Los postres<\/h3>\n\n\n\n<ul class=\"wp-block-list\"><li>Tarte Tatin<\/li><li>Mousse au chocolat<\/li><li>Coupe de glace<\/li><\/ul>\n\n\n\n<h2 class=\"wp-block-heading\">Nuestra oferta gastronomica *<\/h2>\n\n\n\n<p>Individual : <br>Doble \/ twin : 2 personne<br>Triple :   2 adultos + 1 nino<br>Cuadruplicare ou quintuplicar :  4 ou 5 adultos <\/p>\n\n\n\n<h3 class=\"wp-block-heading\">Las entradas<\/h3>\n\n\n\n<ul class=\"wp-block-list\"><li>Assiette de rillons&nbsp;<\/li><li>Tartare aux deux saumons<\/li><li>Foie gras&nbsp;<\/li><\/ul>\n\n\n\n<h3 class=\"wp-block-heading\">Los platos<\/h3>\n\n\n\n<ul class=\"wp-block-list\"><li>Travers de porc sauce miel et abricot<\/li><li>Pintade aux deux pommes<\/li><li>Poissons frais du march\u00e9<\/li><\/ul>\n\n\n\n<h3 class=\"wp-block-heading\">Los postres<\/h3>\n\n\n\n<ul class=\"wp-block-list\"><li>For\u00eat noire<\/li><li>Vacherin<\/li><li>Mi cru mi cuit au chocolat<\/li><\/ul>\n\n\n\n<h3 class=\"wp-block-heading\">Precios en formula B&amp;B (habotacion + desayuno)<\/h3>\n\n\n\n<p><\/p>\n\n\n\n<ul class=\"wp-block-list\"><li>contact us for price<\/li><li>+ taxe de s\u00e9jour : 0,90 \u20ac\u00a0\/ personne \u00a0<\/li><li>1 Formula gratuita concedia por grupo de 20 personas.\u00a0<\/li><\/ul>\n\n\n\n<p><em>* Nuestro chef est\u00e0 a su disposicion para otras sugerencias.&nbsp;<\/em><\/p>\n\n\n\n<p>El men\u00fa debe ser el mismo para todo el grupo. Para validar la reserva requerimos un dep\u00f3sito del 30%. El saldo deber\u00e1 pagarse 15 d\u00edas antes de la llegada de su grupo. Ofrecemos gratis para el conductor. Le recordamos que nuestro hotel no dispone de ascensor (2 plantas) por lo que rogamos avisar a los clientes e informarnos al realizar la reserva de la lista de habitaciones.<\/p>\n","protected":false},"excerpt":{"rendered":"<p>Ofertas para grupos Tarifa media pension (cena + alojamiento + desayuno ). La comida se sirve en nuestro restaurante pareja L&#8217; Atelier Nuestra oferta clasica * Individual : \u00a0\u00a0Doble \/ twin : 2 persona\u00a0Triple : 2 adultos + 1 nino\u00a0Cuadruplicare ou quintuplicar : 4 ou 5 adultos Las entradas Assiette de charcuterie Salade de saumon [&hellip;]<\/p>\n","protected":false},"author":1,"featured_media":0,"parent":0,"menu_order":0,"comment_status":"closed","ping_status":"closed","template":"","meta":{"_acf_changed":false,"om_disable_all_campaigns":false,"_monsterinsights_skip_tracking":false,"_monsterinsights_sitenote_active":false,"_monsterinsights_sitenote_note":"","_monsterinsights_sitenote_category":0,"footnotes":""},"class_list":["post-478","page","type-page","status-publish","hentry"],"acf":[],"aioseo_notices":[],"_links":{"self":[{"href":"https:\/\/www.hotelsaintjacquesblois.com\/es\/wp-json\/wp\/v2\/pages\/478","targetHints":{"allow":["GET"]}}],"collection":[{"href":"https:\/\/www.hotelsaintjacquesblois.com\/es\/wp-json\/wp\/v2\/pages"}],"about":[{"href":"https:\/\/www.hotelsaintjacquesblois.com\/es\/wp-json\/wp\/v2\/types\/page"}],"author":[{"embeddable":true,"href":"https:\/\/www.hotelsaintjacquesblois.com\/es\/wp-json\/wp\/v2\/users\/1"}],"replies":[{"embeddable":true,"href":"https:\/\/www.hotelsaintjacquesblois.com\/es\/wp-json\/wp\/v2\/comments?post=478"}],"version-history":[{"count":6,"href":"https:\/\/www.hotelsaintjacquesblois.com\/es\/wp-json\/wp\/v2\/pages\/478\/revisions"}],"predecessor-version":[{"id":2214,"href":"https:\/\/www.hotelsaintjacquesblois.com\/es\/wp-json\/wp\/v2\/pages\/478\/revisions\/2214"}],"wp:attachment":[{"href":"https:\/\/www.hotelsaintjacquesblois.com\/es\/wp-json\/wp\/v2\/media?parent=478"}],"curies":[{"name":"wp","href":"https:\/\/api.w.org\/{rel}","templated":true}]}}