{"id":402,"date":"2020-04-19T22:51:48","date_gmt":"2020-04-19T21:51:48","guid":{"rendered":"https:\/\/www.hotelsaintjacquesblois.com\/?page_id=402"},"modified":"2025-04-13T08:17:26","modified_gmt":"2025-04-13T07:17:26","slug":"hotel-moderno-y-espacioso","status":"publish","type":"page","link":"https:\/\/www.hotelsaintjacquesblois.com\/es\/","title":{"rendered":"Hotel moderno y espacioso"},"content":{"rendered":"\n<div class=\"wp-block-media-text alignwide has-media-on-the-right is-stacked-on-mobile\" style=\"grid-template-columns:auto 40%\"><figure class=\"wp-block-media-text__media\"><img loading=\"lazy\" decoding=\"async\" width=\"1495\" height=\"896\" src=\"https:\/\/www.hotelsaintjacquesblois.com\/wp-content\/uploads\/2020\/04\/facade.jpg\" alt=\"\" class=\"wp-image-120\" srcset=\"https:\/\/www.hotelsaintjacquesblois.com\/wp-content\/uploads\/2020\/04\/facade.jpg 1495w, https:\/\/www.hotelsaintjacquesblois.com\/wp-content\/uploads\/2020\/04\/facade-300x180.jpg 300w, https:\/\/www.hotelsaintjacquesblois.com\/wp-content\/uploads\/2020\/04\/facade-768x460.jpg 768w\" sizes=\"auto, (max-width: 1495px) 100vw, 1495px\" \/><\/figure><div class=\"wp-block-media-text__content\">\n<h2 class=\"wp-block-heading\">L&#8217;h\u00f4tel Saint Jacques<\/h2>\n\n\n\n<h3 class=\"wp-block-heading\">Hotel-Restaurante Saint-Jacques en Blois: una estancia confortable en el coraz\u00f3n del Valle del Loira<\/h3>\n\n\n\n<p>&nbsp;El Hotel-Restaurante Saint-Jacques en Blois, situado en el magn\u00edfico departamento de Loir-et-Cher, es el lugar ideal para una estancia inolvidable en el coraz\u00f3n del Valle del Loira. Ya sea que viaje de negocios, una escapada rom\u00e1ntica o unas vacaciones familiares, este hotel combina comodidad, encanto y gastronom\u00eda para ofrecerle una experiencia \u00fanica. Adem\u00e1s, su proximidad a los castillos m\u00e1s famosos de la regi\u00f3n, como Chambord, Cheverny, Amboise y Chenonceau, lo convierte en un destino de elecci\u00f3n para los amantes del patrimonio hist\u00f3rico.<\/p>\n\n\n\n<h3 class=\"wp-block-heading\">&nbsp;Un hotel confortable en Blois<\/h3>\n\n\n\n<p>&nbsp;El Hotel Saint-Jacques destaca por su ambiente c\u00e1lido y acogedor. Con sus modernas y elegantes habitaciones, ofrece a sus hu\u00e9spedes un ambiente de relajaci\u00f3n y confort. Cada habitaci\u00f3n est\u00e1 equipada con comodidades modernas para garantizar una estad\u00eda placentera, ya sea por una noche o una estad\u00eda prolongada. Un servicio impecable y la atenci\u00f3n al detalle le garantizar\u00e1n un momento de relajaci\u00f3n total.<\/p>\n\n\n\n<h3 class=\"wp-block-heading\">&nbsp;Un restaurante que sirve tradici\u00f3n<\/h3>\n\n\n\n<p>&nbsp;El Hotel Saint-Jacques tambi\u00e9n alberga un famoso restaurante. El chef y su equipo le ofrecen una cocina refinada que resalta los productos locales de la regi\u00f3n. Cada plato es una aut\u00e9ntica invitaci\u00f3n a descubrir los sabores del Valle del Loira, con especialidades como el queso de cabra, el pescado fresco de los r\u00edos vecinos y, por supuesto, los famosos vinos locales.<\/p>\n\n\n\n<h3 class=\"wp-block-heading\">&nbsp;Los castillos del Valle del Loira: Chambord, Cheverny, Amboise y Chenonceau<\/h3>\n\n\n\n<p>&nbsp;Uno de los mayores atractivos de la regi\u00f3n es sin duda la visita a los castillos del Valle del Loira. El H\u00f4tel Saint-Jacques es un excelente punto de partida para explorar estas maravillas arquitect\u00f3nicas, cada una con una historia \u00fanica que contar.<\/p>\n\n\n\n<h3 class=\"wp-block-heading\">&nbsp;El castillo de Chambord<\/h3>\n\n\n\n<p>A s\u00f3lo 20 minutos de Blois, el castillo de Chambord es sin duda el m\u00e1s grande y emblem\u00e1tico de los castillos del Valle del Loira. Su majestuosa arquitectura renacentista y sus vastos jardines son impresionantes. La historia de Francisco I y su amor por las artes y la cultura est\u00e1 entrelazada con la belleza de este lugar. Una visita al castillo y sus alrededores promete un aut\u00e9ntico viaje en el tiempo.<\/p>\n\n\n\n<h3 class=\"wp-block-heading\">&nbsp;Castillo de Cheverny<\/h3>\n\n\n\n<p>&nbsp;A 30 minutos de Blois, el castillo de Cheverny es otra joya de la regi\u00f3n. Este castillo es especialmente conocido por su elegante arquitectura y sus magn\u00edficos jardines franceses. Este lugar inspir\u00f3 a Herg\u00e9 para su famoso castillo Moulinsart en las aventuras de Tint\u00edn. El recorrido le permitir\u00e1 descubrir no s\u00f3lo la arquitectura, sino tambi\u00e9n la fascinante historia de la familia que a\u00fan vive all\u00ed.<\/p>\n\n\n\n<h3 class=\"wp-block-heading\">&nbsp;El castillo de Amboise<\/h3>\n\n\n\n<p>&nbsp;El castillo de Amboise, situado a unos 40 minutos de Blois, ofrece unas vistas impresionantes del Loira. Este castillo real, que ha albergado a varios reyes de Francia, incluidos Carlos VIII y Francisco I, es una visita obligada para los amantes de la historia. Tambi\u00e9n alberga la tumba de Leonardo da Vinci, que pas\u00f3 sus \u00faltimos a\u00f1os en Francia bajo la protecci\u00f3n del rey Francisco I.<\/p>\n\n\n\n<h3 class=\"wp-block-heading\">El castillo de Chenonceau<\/h3>\n\n\n\n<p>&nbsp;Por \u00faltimo, el Castillo de Chenonceau, a s\u00f3lo 45 minutos de Blois, es uno de los m\u00e1s visitados de la regi\u00f3n. Conocido como el \u00abCastillo de las Damas\u00bb, es conocido por su arquitectura \u00fanica que se extiende sobre el r\u00edo Cher. El castillo tambi\u00e9n es famoso por su fascinante historia, marcada por las mujeres influyentes que vivieron all\u00ed, entre ellas Catalina de M\u00e9dici y Diana de Poitiers. Su magn\u00edfica galer\u00eda de agua y sus impresionantes jardines lo convierten en una visita obligada.<\/p>\n\n\n\n<h3 class=\"wp-block-heading\">&nbsp;Visita los castillos y al\u00f3jate en el Saint-Jacques: una combinaci\u00f3n perfecta<\/h3>\n\n\n\n<p>&nbsp;Alojarse en el H\u00f4tel-Restaurant Saint-Jacques de Blois no s\u00f3lo le permitir\u00e1 disfrutar de la comodidad del hotel y de la gastronom\u00eda del restaurante, sino tambi\u00e9n explorar algunos de los castillos m\u00e1s bellos de Francia. Ya sea un aficionado a la historia, un entusiasta de la arquitectura o simplemente busque la belleza natural, el Valle del Loira le ofrecer\u00e1 una experiencia inolvidable. Las visitas a Chambord, Cheverny, Amboise y Chenonceau son oportunidades imprescindibles para descubrir el patrimonio excepcional de la regi\u00f3n.<\/p>\n\n\n\n<p>&nbsp;El Hotel-Restaurante Saint-Jacques de Blois es un destino ideal para los viajeros que buscan comodidad, cultura y gastronom\u00eda. Gracias a su ubicaci\u00f3n privilegiada en el coraz\u00f3n del Valle del Loira, podr\u00e1 descubrir f\u00e1cilmente los famosos castillos de Chambord, Cheverny, Amboise y Chenonceau mientras disfruta de un alojamiento de calidad. Reserve ahora su estancia en el H\u00f4tel Saint-Jacques y sum\u00e9rjase en la historia y la belleza de esta regi\u00f3n excepcional.<\/p>\n\n\n\n<p>Desafortunadamente, el hotel no es adecuado para personas con movilidad reducida. No damos la bienvenida a las mascotas.<\/p>\n\n\n\n<p>El hotel St Jacques ofrece 24 habitaciones espaciosas y con mucho car\u00e1cter. Nuestras habitaciones son muy c\u00f3modas con ducha y WC , TV v\u00eda sat\u00e9lite, wifi gratuito. Estar\u00e1s a cinco minutos a pie del casco antiguo, el castillo de Blois, la casa de la magia y, a pocos kil\u00f3metros, los castillos del Loira .<\/p>\n\n\n\n<ul class=\"wp-block-list\"><li>Dias y horarios de apertura :<\/li><li>Lunes : 7 h 00 \u00e0 12 h 00 &#8211; 15 h 00 \u00e0 22 h 00<\/li><li>Martes : 7 h 00 \u00e0 12 h 00 &#8211; 15 h 00 \u00e0 22 h 00<\/li><li>Mi\u00e9rcoles : 7 h 00 \u00e0 12 h 00 &#8211; 15 h 00 \u00e0 22 h 00<\/li><li>Jueves : 7 h 00 \u00e0 12 h 00 &#8211; 15 h 00 \u00e0 22 h 00<\/li><li>Viernes : 7 h 00 \u00e0 12 h 00 &#8211; 15 h 00 \u00e0 22 h 00<\/li><li>Sabado : 7 h 00 \u00e0 12 h 00 &#8211; 15 h 00 \u00e0 22 h 00<\/li><li>Domingo : 7 h 00 \u00e0 12 h 00 &#8211; 17 h 00 \u00e0 22 h 00<\/li><\/ul>\n<\/div><\/div>\n","protected":false},"excerpt":{"rendered":"<p>L&#8217;h\u00f4tel Saint Jacques Hotel-Restaurante Saint-Jacques en Blois: una estancia confortable en el coraz\u00f3n del Valle del Loira &nbsp;El Hotel-Restaurante Saint-Jacques en Blois, situado en el magn\u00edfico departamento de Loir-et-Cher, es el lugar ideal para una estancia inolvidable en el coraz\u00f3n del Valle del Loira. Ya sea que viaje de negocios, una escapada rom\u00e1ntica o unas [&hellip;]<\/p>\n","protected":false},"author":1,"featured_media":0,"parent":0,"menu_order":0,"comment_status":"closed","ping_status":"closed","template":"","meta":{"_acf_changed":false,"om_disable_all_campaigns":false,"_monsterinsights_skip_tracking":false,"_monsterinsights_sitenote_active":false,"_monsterinsights_sitenote_note":"","_monsterinsights_sitenote_category":0,"footnotes":""},"class_list":["post-402","page","type-page","status-publish","hentry"],"acf":[],"aioseo_notices":[],"_links":{"self":[{"href":"https:\/\/www.hotelsaintjacquesblois.com\/es\/wp-json\/wp\/v2\/pages\/402","targetHints":{"allow":["GET"]}}],"collection":[{"href":"https:\/\/www.hotelsaintjacquesblois.com\/es\/wp-json\/wp\/v2\/pages"}],"about":[{"href":"https:\/\/www.hotelsaintjacquesblois.com\/es\/wp-json\/wp\/v2\/types\/page"}],"author":[{"embeddable":true,"href":"https:\/\/www.hotelsaintjacquesblois.com\/es\/wp-json\/wp\/v2\/users\/1"}],"replies":[{"embeddable":true,"href":"https:\/\/www.hotelsaintjacquesblois.com\/es\/wp-json\/wp\/v2\/comments?post=402"}],"version-history":[{"count":13,"href":"https:\/\/www.hotelsaintjacquesblois.com\/es\/wp-json\/wp\/v2\/pages\/402\/revisions"}],"predecessor-version":[{"id":2194,"href":"https:\/\/www.hotelsaintjacquesblois.com\/es\/wp-json\/wp\/v2\/pages\/402\/revisions\/2194"}],"wp:attachment":[{"href":"https:\/\/www.hotelsaintjacquesblois.com\/es\/wp-json\/wp\/v2\/media?parent=402"}],"curies":[{"name":"wp","href":"https:\/\/api.w.org\/{rel}","templated":true}]}}