{"id":711,"date":"2020-04-25T20:32:16","date_gmt":"2020-04-25T19:32:16","guid":{"rendered":"https:\/\/www.hotelsaintjacquesblois.com\/?page_id=711"},"modified":"2022-07-15T17:57:20","modified_gmt":"2022-07-15T16:57:20","slug":"activite","status":"publish","type":"page","link":"https:\/\/www.hotelsaintjacquesblois.com\/de\/ideal-fuer-den-besuch-der-loire-schloesser\/activite\/","title":{"rendered":"Aktivit\u00e4ten"},"content":{"rendered":"\n<div class=\"wp-block-media-text alignwide is-stacked-on-mobile\" style=\"grid-template-columns:28% auto\"><figure class=\"wp-block-media-text__media\"><img loading=\"lazy\" decoding=\"async\" width=\"1920\" height=\"1280\" src=\"https:\/\/www.hotelsaintjacquesblois.com\/wp-content\/uploads\/2020\/04\/blois_-_facade_des_loges_blois_france-1920x1280.jpg\" alt=\"ch\u00e2teau de blois\" class=\"wp-image-677\" srcset=\"https:\/\/www.hotelsaintjacquesblois.com\/wp-content\/uploads\/2020\/04\/blois_-_facade_des_loges_blois_france-1920x1280.jpg 1920w, https:\/\/www.hotelsaintjacquesblois.com\/wp-content\/uploads\/2020\/04\/blois_-_facade_des_loges_blois_france-300x200.jpg 300w, https:\/\/www.hotelsaintjacquesblois.com\/wp-content\/uploads\/2020\/04\/blois_-_facade_des_loges_blois_france-768x512.jpg 768w, https:\/\/www.hotelsaintjacquesblois.com\/wp-content\/uploads\/2020\/04\/blois_-_facade_des_loges_blois_france-1536x1024.jpg 1536w, https:\/\/www.hotelsaintjacquesblois.com\/wp-content\/uploads\/2020\/04\/blois_-_facade_des_loges_blois_france-2048x1366.jpg 2048w\" sizes=\"auto, (max-width: 1920px) 100vw, 1920px\" \/><\/figure><div class=\"wp-block-media-text__content\">\n<p class=\"has-large-font-size\">Entdecken Sie Blois.<\/p>\n\n\n\n<p class=\"has-normal-font-size\">W\u00e4hrend Ihres Aufenthalts in unserem Haus k\u00f6nnen Sie unsere charmante Stadt besuchen. Erkunden Sie die alten Stra\u00dfen, besuchen Sie das k\u00f6nigliche Schloss von Blois, die Kathedrale, spazieren Sie entlang der Loire. Am Ende des Tages k\u00f6nnen Sie in unserem Restaurant &#8222;<a href=\"http:\/\/www.hotelsaintjacquesblois.com\/de\/restaurant\/carte\/\">L&#8216; Atelier<\/a>&#8220; speisen.<\/p>\n\n\n\n<p><\/p>\n<\/div><\/div>\n\n\n\n<div class=\"wp-block-media-text alignwide is-stacked-on-mobile\" style=\"grid-template-columns:28% auto\"><figure class=\"wp-block-media-text__media\"><img loading=\"lazy\" decoding=\"async\" width=\"720\" height=\"315\" src=\"https:\/\/www.hotelsaintjacquesblois.com\/wp-content\/uploads\/2020\/04\/0.jpeg\" alt=\"\" class=\"wp-image-289\" srcset=\"https:\/\/www.hotelsaintjacquesblois.com\/wp-content\/uploads\/2020\/04\/0.jpeg 720w, https:\/\/www.hotelsaintjacquesblois.com\/wp-content\/uploads\/2020\/04\/0-300x131.jpeg 300w\" sizes=\"auto, (max-width: 720px) 100vw, 720px\" \/><\/figure><div class=\"wp-block-media-text__content\">\n<p class=\"has-large-font-size\">Besuchen Sie den Beauval Zoo<\/p>\n\n\n\n<p class=\"has-normal-font-size\">Nutzen Sie Ihren Aufenthalt in Blois, um die PANDA des Beauval Zoos zu besuchen. Unsere attraktiven Preise erm\u00f6glichen es Ihnen, einen kulturellen Besuch der Schl\u00f6sser des Loiretals und einen unterhaltsamen Besuch des Beauval Zoos zu kombinieren. Zur\u00fcck im Hotel k\u00f6nnen Sie in unserem Restaurant &#8222;<a href=\"http:\/\/www.hotelsaintjacquesblois.com\/de\/restaurant\/carte\/\">L&#8216; Atelier<\/a>&#8220; speisen.<\/p>\n\n\n\n<p><\/p>\n<\/div><\/div>\n\n\n\n<div class=\"wp-block-media-text alignwide is-stacked-on-mobile\" style=\"grid-template-columns:28% auto\"><figure class=\"wp-block-media-text__media\"><img loading=\"lazy\" decoding=\"async\" width=\"310\" height=\"162\" src=\"https:\/\/www.hotelsaintjacquesblois.com\/wp-content\/uploads\/2020\/04\/chateau-de-blois.jpg\" alt=\"\" class=\"wp-image-665\" srcset=\"https:\/\/www.hotelsaintjacquesblois.com\/wp-content\/uploads\/2020\/04\/chateau-de-blois.jpg 310w, https:\/\/www.hotelsaintjacquesblois.com\/wp-content\/uploads\/2020\/04\/chateau-de-blois-300x157.jpg 300w\" sizes=\"auto, (max-width: 310px) 100vw, 310px\" \/><\/figure><div class=\"wp-block-media-text__content\">\n<p class=\"has-large-font-size\">Ton und Licht im Schloss<\/p>\n\n\n\n<p class=\"has-normal-font-size\">Nutzen Sie Ihren Aufenthalt in Blois, um den neuen &#8222;Sound and Light&#8220; von Blois Castle zu sehen. Nach dem Abendessen in unserem Restaurant &#8222;<a href=\"http:\/\/www.hotelsaintjacquesblois.com\/de\/restaurant\/carte\/\">L&#8216; Atelier<\/a>&#8220; k\u00f6nnen Sie im Innenhof des Schlosses ein gro\u00dfartiges Schauspiel bewundern.<\/p>\n\n\n\n<p><\/p>\n\n\n\n<p><\/p>\n<\/div><\/div>\n","protected":false},"excerpt":{"rendered":"<p>Entdecken Sie Blois. W\u00e4hrend Ihres Aufenthalts in unserem Haus k\u00f6nnen Sie unsere charmante Stadt besuchen. Erkunden Sie die alten Stra\u00dfen, besuchen Sie das k\u00f6nigliche Schloss von Blois, die Kathedrale, spazieren Sie entlang der Loire. Am Ende des Tages k\u00f6nnen Sie in unserem Restaurant &#8222;L&#8216; Atelier&#8220; speisen. Besuchen Sie den Beauval Zoo Nutzen Sie Ihren Aufenthalt [&hellip;]<\/p>\n","protected":false},"author":1,"featured_media":0,"parent":455,"menu_order":0,"comment_status":"closed","ping_status":"closed","template":"","meta":{"_acf_changed":false,"om_disable_all_campaigns":false,"_monsterinsights_skip_tracking":false,"_monsterinsights_sitenote_active":false,"_monsterinsights_sitenote_note":"","_monsterinsights_sitenote_category":0,"footnotes":""},"class_list":["post-711","page","type-page","status-publish","hentry"],"acf":[],"aioseo_notices":[],"_links":{"self":[{"href":"https:\/\/www.hotelsaintjacquesblois.com\/de\/wp-json\/wp\/v2\/pages\/711","targetHints":{"allow":["GET"]}}],"collection":[{"href":"https:\/\/www.hotelsaintjacquesblois.com\/de\/wp-json\/wp\/v2\/pages"}],"about":[{"href":"https:\/\/www.hotelsaintjacquesblois.com\/de\/wp-json\/wp\/v2\/types\/page"}],"author":[{"embeddable":true,"href":"https:\/\/www.hotelsaintjacquesblois.com\/de\/wp-json\/wp\/v2\/users\/1"}],"replies":[{"embeddable":true,"href":"https:\/\/www.hotelsaintjacquesblois.com\/de\/wp-json\/wp\/v2\/comments?post=711"}],"version-history":[{"count":6,"href":"https:\/\/www.hotelsaintjacquesblois.com\/de\/wp-json\/wp\/v2\/pages\/711\/revisions"}],"predecessor-version":[{"id":2081,"href":"https:\/\/www.hotelsaintjacquesblois.com\/de\/wp-json\/wp\/v2\/pages\/711\/revisions\/2081"}],"up":[{"embeddable":true,"href":"https:\/\/www.hotelsaintjacquesblois.com\/de\/wp-json\/wp\/v2\/pages\/455"}],"wp:attachment":[{"href":"https:\/\/www.hotelsaintjacquesblois.com\/de\/wp-json\/wp\/v2\/media?parent=711"}],"curies":[{"name":"wp","href":"https:\/\/api.w.org\/{rel}","templated":true}]}}