{"id":474,"date":"2020-04-23T16:41:38","date_gmt":"2020-04-23T15:41:38","guid":{"rendered":"https:\/\/www.hotelsaintjacquesblois.com\/?page_id=474"},"modified":"2025-12-02T19:05:37","modified_gmt":"2025-12-02T18:05:37","slug":"gruppen","status":"publish","type":"page","link":"https:\/\/www.hotelsaintjacquesblois.com\/de\/gruppen\/","title":{"rendered":"Gruppen"},"content":{"rendered":"\n<h2 class=\"wp-block-heading\">Angebote f\u00fcr Gruppen<\/h2>\n\n\n\n<h4 class=\"wp-block-heading\">Preise f\u00fcr Halbpension (Abendessen + Zimmer + Fr\u00fchst\u00fcck). Das Essen wird in unserem Restaurant L&#8217;Atelier serviert<\/h4>\n\n\n\n<p><\/p>\n\n\n\n<div class=\"wp-block-columns is-layout-flex wp-container-core-columns-is-layout-9d6595d7 wp-block-columns-is-layout-flex\">\n<div class=\"wp-block-column is-layout-flow wp-block-column-is-layout-flow\">\n<h2 class=\"wp-block-heading\">Unser klassiches Angebot<\/h2>\n\n\n\n<p>Individuell : \u00a0\u00a0<br>\u00a0Doppel \/ zweibettzim : 2  person<br>Verdreifachen :  2 adultes + 1 enfant <br>\u00a0Veirfach \/ F\u00fcnffach :   4 ou 5 adultes <\/p>\n\n\n\n<div class=\"wp-block-group\"><div class=\"wp-block-group__inner-container is-layout-flow wp-block-group-is-layout-flow\">\n<h3 class=\"wp-block-heading\">Die vorspeisen<\/h3>\n\n\n\n<ul class=\"wp-block-list\"><li>Assiette de charcuterie<\/li><li>Salade de saumon fum\u00e9<\/li><li>Salade ch\u00e8vre chaud<\/li><\/ul>\n\n\n\n<h3 class=\"wp-block-heading\">Das Geschirr<\/h3>\n\n\n\n<ul class=\"wp-block-list\"><li>Joue de porc<\/li><li>Cuisse de canard confite<\/li><li>Saumon grill\u00e9<\/li><\/ul>\n\n\n\n<h3 class=\"wp-block-heading\">Die Nachtische <\/h3>\n\n\n\n<ul class=\"wp-block-list\"><li>Tarte Tatin<\/li><li>Mousse au chocolat<\/li><li>Coupe de glace<\/li><\/ul>\n<\/div><\/div>\n<\/div>\n\n\n\n<div class=\"wp-block-column is-layout-flow wp-block-column-is-layout-flow\">\n<h2 class=\"wp-block-heading\">Unser gourmet Angebot *<\/h2>\n\n\n\n<p>Individuell :  \u00a0\u00a0<br>Doppel \/ zweibettzim :  2  person<br>Verdreifachen :   2 adultes + 1 enfant <br>Veirfach \/ F\u00fcnffach :   4 ou 5 adultes  <\/p>\n\n\n\n<div class=\"wp-block-group\"><div class=\"wp-block-group__inner-container is-layout-flow wp-block-group-is-layout-flow\">\n<h3 class=\"wp-block-heading\">Die vorspeisen<\/h3>\n\n\n\n<ul class=\"wp-block-list\"><li>Assiette de rillons&nbsp;<\/li><li>Tartare aux deux saumons<\/li><li>Foie gras&nbsp;<\/li><\/ul>\n\n\n\n<h3 class=\"wp-block-heading\">Das Geschirr<\/h3>\n\n\n\n<ul class=\"wp-block-list\"><li>Travers de porc sauce miel et abricot<\/li><li>Pintade aux deux pommes<\/li><li>Poissons frais du march\u00e9<\/li><\/ul>\n\n\n\n<h3 class=\"wp-block-heading\">Die Nachtische<\/h3>\n\n\n\n<ul class=\"wp-block-list\"><li>For\u00eat noire<\/li><li>Vacherin<\/li><li>Mi cru mi cuit au chocolat<\/li><\/ul>\n<\/div><\/div>\n<\/div>\n<\/div>\n\n\n\n<h3 class=\"has-text-align-center wp-block-heading\">Formelpreise B&amp;B ( Bed &amp; breakfast )&nbsp;<\/h3>\n\n\n\n<ul class=\"wp-block-list\"><li> contact us for price<\/li><li>+ taxe de s\u00e9jour : 0,90 \u20ac\u00a0\/ personne \u00a0<\/li><li>1\u00a0formule gratuite accord\u00e9e par groupe de 20 personnes.\u00a0<br>\u00a0 \u00a0 \u00a0 \u00a0<\/li><\/ul>\n\n\n\n<p class=\"has-text-align-center\"><em>* <\/em><\/p>\n\n\n\n<p class=\"has-text-align-center\">F\u00fcr weitere Vorschl\u00e4ge steht Ihnen unser K\u00fcchenchef gerne zur Verf\u00fcgung<\/p>\n\n\n\n<p>Das Men\u00fc muss f\u00fcr die gesamte Gruppe gleich sein. Zur Best\u00e4tigung der Reservierung ben\u00f6tigen wir eine Anzahlung von 30 %. Der Restbetrag muss 15 Tage vor Ankunft Ihrer Gruppe bezahlt werden. Wir bieten kostenlos f\u00fcr den Fahrer an. Wir m\u00f6chten Sie daran erinnern, dass unser Hotel \u00fcber keinen Aufzug (2 Etagen) verf\u00fcgt. Bitte informieren Sie unsere Kunden daher bei der Buchung \u00fcber die Zimmerliste.<\/p>\n","protected":false},"excerpt":{"rendered":"<p>Angebote f\u00fcr Gruppen Preise f\u00fcr Halbpension (Abendessen + Zimmer + Fr\u00fchst\u00fcck). Das Essen wird in unserem Restaurant L&#8217;Atelier serviert Unser klassiches Angebot Individuell : \u00a0\u00a0\u00a0Doppel \/ zweibettzim : 2 personVerdreifachen : 2 adultes + 1 enfant \u00a0Veirfach \/ F\u00fcnffach : 4 ou 5 adultes Die vorspeisen Assiette de charcuterie Salade de saumon fum\u00e9 Salade ch\u00e8vre [&hellip;]<\/p>\n","protected":false},"author":1,"featured_media":0,"parent":0,"menu_order":0,"comment_status":"closed","ping_status":"closed","template":"","meta":{"_acf_changed":false,"om_disable_all_campaigns":false,"_monsterinsights_skip_tracking":false,"_monsterinsights_sitenote_active":false,"_monsterinsights_sitenote_note":"","_monsterinsights_sitenote_category":0,"footnotes":""},"class_list":["post-474","page","type-page","status-publish","hentry"],"acf":[],"aioseo_notices":[],"_links":{"self":[{"href":"https:\/\/www.hotelsaintjacquesblois.com\/de\/wp-json\/wp\/v2\/pages\/474","targetHints":{"allow":["GET"]}}],"collection":[{"href":"https:\/\/www.hotelsaintjacquesblois.com\/de\/wp-json\/wp\/v2\/pages"}],"about":[{"href":"https:\/\/www.hotelsaintjacquesblois.com\/de\/wp-json\/wp\/v2\/types\/page"}],"author":[{"embeddable":true,"href":"https:\/\/www.hotelsaintjacquesblois.com\/de\/wp-json\/wp\/v2\/users\/1"}],"replies":[{"embeddable":true,"href":"https:\/\/www.hotelsaintjacquesblois.com\/de\/wp-json\/wp\/v2\/comments?post=474"}],"version-history":[{"count":8,"href":"https:\/\/www.hotelsaintjacquesblois.com\/de\/wp-json\/wp\/v2\/pages\/474\/revisions"}],"predecessor-version":[{"id":2212,"href":"https:\/\/www.hotelsaintjacquesblois.com\/de\/wp-json\/wp\/v2\/pages\/474\/revisions\/2212"}],"wp:attachment":[{"href":"https:\/\/www.hotelsaintjacquesblois.com\/de\/wp-json\/wp\/v2\/media?parent=474"}],"curies":[{"name":"wp","href":"https:\/\/api.w.org\/{rel}","templated":true}]}}