{"id":455,"date":"2020-04-23T16:34:32","date_gmt":"2020-04-23T15:34:32","guid":{"rendered":"https:\/\/www.hotelsaintjacquesblois.com\/?page_id=455"},"modified":"2020-04-23T16:34:32","modified_gmt":"2020-04-23T15:34:32","slug":"ideal-fuer-den-besuch-der-loire-schloesser","status":"publish","type":"page","link":"https:\/\/www.hotelsaintjacquesblois.com\/de\/ideal-fuer-den-besuch-der-loire-schloesser\/","title":{"rendered":"Ideal f\u00fcr den Besuch der Loire-Schl\u00f6sser"},"content":{"rendered":"\n<pre class=\"wp-block-preformatted\">Das Saint Jacques Hotel in Blois ist ideal, um einen Rundgang um die Burgen zu beginnen. \nWir sind 5 Minuten zu Fu\u00df von der k\u00f6niglichen Burg von Blois entfernt. \nSie k\u00f6nnen die gesamte Stadt Blois zu Fu\u00df besuchen, durch die alten Stra\u00dfen schlendern und die Loire von der Jacques GABRIEL-Br\u00fccke aus bewundern. \nUnser Restaurant kann Sie zu zweit, mit Freunden oder in Gruppen zum Mittag- und Abendessen begr\u00fc\u00dfen. \nWir sind 20 Kilometer mit dem Auto von den Burgen Chambord und Cheverny entfernt. Der Beauval Zoo liegt 40 Kilometer von Blois entfernt.<\/pre>\n","protected":false},"excerpt":{"rendered":"<p>Das Saint Jacques Hotel in Blois ist ideal, um einen Rundgang um die Burgen zu beginnen. Wir sind 5 Minuten zu Fu\u00df von der k\u00f6niglichen Burg von Blois entfernt. Sie k\u00f6nnen die gesamte Stadt Blois zu Fu\u00df besuchen, durch die alten Stra\u00dfen schlendern und die Loire von der Jacques GABRIEL-Br\u00fccke aus bewundern. Unser Restaurant kann [&hellip;]<\/p>\n","protected":false},"author":1,"featured_media":0,"parent":0,"menu_order":0,"comment_status":"closed","ping_status":"closed","template":"","meta":{"_acf_changed":false,"om_disable_all_campaigns":false,"_monsterinsights_skip_tracking":false,"_monsterinsights_sitenote_active":false,"_monsterinsights_sitenote_note":"","_monsterinsights_sitenote_category":0,"footnotes":""},"class_list":["post-455","page","type-page","status-publish","hentry"],"acf":[],"aioseo_notices":[],"_links":{"self":[{"href":"https:\/\/www.hotelsaintjacquesblois.com\/de\/wp-json\/wp\/v2\/pages\/455","targetHints":{"allow":["GET"]}}],"collection":[{"href":"https:\/\/www.hotelsaintjacquesblois.com\/de\/wp-json\/wp\/v2\/pages"}],"about":[{"href":"https:\/\/www.hotelsaintjacquesblois.com\/de\/wp-json\/wp\/v2\/types\/page"}],"author":[{"embeddable":true,"href":"https:\/\/www.hotelsaintjacquesblois.com\/de\/wp-json\/wp\/v2\/users\/1"}],"replies":[{"embeddable":true,"href":"https:\/\/www.hotelsaintjacquesblois.com\/de\/wp-json\/wp\/v2\/comments?post=455"}],"version-history":[{"count":2,"href":"https:\/\/www.hotelsaintjacquesblois.com\/de\/wp-json\/wp\/v2\/pages\/455\/revisions"}],"predecessor-version":[{"id":462,"href":"https:\/\/www.hotelsaintjacquesblois.com\/de\/wp-json\/wp\/v2\/pages\/455\/revisions\/462"}],"wp:attachment":[{"href":"https:\/\/www.hotelsaintjacquesblois.com\/de\/wp-json\/wp\/v2\/media?parent=455"}],"curies":[{"name":"wp","href":"https:\/\/api.w.org\/{rel}","templated":true}]}}