{"id":1565,"date":"2020-05-22T15:22:10","date_gmt":"2020-05-22T14:22:10","guid":{"rendered":"https:\/\/www.hotelsaintjacquesblois.com\/offre-decouverte\/"},"modified":"2020-05-22T16:05:38","modified_gmt":"2020-05-22T15:05:38","slug":"offre-decouverte","status":"publish","type":"page","link":"https:\/\/www.hotelsaintjacquesblois.com\/de\/offre-decouverte\/","title":{"rendered":"Entdeckung bleiben"},"content":{"rendered":"\n<div class=\"wp-block-media-text alignwide is-stacked-on-mobile\"><figure class=\"wp-block-media-text__media\"><img loading=\"lazy\" decoding=\"async\" width=\"1920\" height=\"1280\" src=\"https:\/\/www.hotelsaintjacquesblois.com\/wp-content\/uploads\/2020\/05\/073__2og9634-hdr-1920x1280.jpg\" alt=\"\" class=\"wp-image-929\" srcset=\"https:\/\/www.hotelsaintjacquesblois.com\/wp-content\/uploads\/2020\/05\/073__2og9634-hdr-1920x1280.jpg 1920w, https:\/\/www.hotelsaintjacquesblois.com\/wp-content\/uploads\/2020\/05\/073__2og9634-hdr-300x200.jpg 300w, https:\/\/www.hotelsaintjacquesblois.com\/wp-content\/uploads\/2020\/05\/073__2og9634-hdr-768x512.jpg 768w, https:\/\/www.hotelsaintjacquesblois.com\/wp-content\/uploads\/2020\/05\/073__2og9634-hdr-1536x1024.jpg 1536w, https:\/\/www.hotelsaintjacquesblois.com\/wp-content\/uploads\/2020\/05\/073__2og9634-hdr-2048x1365.jpg 2048w\" sizes=\"auto, (max-width: 1920px) 100vw, 1920px\" \/><\/figure><div class=\"wp-block-media-text__content\">\n<p style=\"font-size:26px\" class=\"has-text-align-center\"><strong>2 Personen ALLES INKLUSIVE<\/strong> <strong>99,00 \u20ac<\/strong><\/p>\n\n\n\n<p class=\"has-medium-font-size\">Diese Formel enth\u00e4lt:<br>2 Mahlzeiten in unserem Restaurant, abends und 2 Fr\u00fchst\u00fccke.<br>Doppelzimmer im Hotel Saint Jacques. Unsere Doppelzimmer befinden sich im 1. oder 2. Stock ohne Aufzug und sind ausgestattet mit: 1 gro\u00dfem Doppelbett, Flachbild-TV, Schreibtisch. Alle unsere Zimmer verf\u00fcgen \u00fcber ein eigenes Bad. Unsere Badezimmer sind mit einer Dusche, einem Haartrockner, einer Toilette und einem Waschbecken ausgestattet.<br>WIFI ist in diesen Zimmern kostenlos verf\u00fcgbar.<\/p>\n\n\n\n<p style=\"color:#0007a3;font-size:24px\" class=\"has-text-color has-text-align-center\"><strong><a rel=\"noreferrer noopener\" href=\"https:\/\/secure.reservit.com\/fo\/booking\/347\/6589\/availability?specialMode=default&amp;langcode=FR&amp;__utmz=85479691.1554229342.1.1.utmcsr%3D(direct)%7Cutmccn%3D(direct)%7Cutmcmd%3D(none)&amp;custid=347&amp;_ga=GA1.2.756614027.1544469577&amp;hotelid=6589&amp;m=booking&amp;__utma=85479691.756614027.1544469577.1554229342.1554229342.1\" target=\"_blank\">Boek her<\/a><\/strong><a rel=\"noreferrer noopener\" href=\"https:\/\/secure.reservit.com\/fo\/booking\/347\/6589\/availability?specialMode=default&amp;langcode=FR&amp;__utmz=85479691.1554229342.1.1.utmcsr%3D(direct)%7Cutmccn%3D(direct)%7Cutmcmd%3D(none)&amp;custid=347&amp;_ga=GA1.2.756614027.1544469577&amp;hotelid=6589&amp;m=booking&amp;__utma=85479691.756614027.1544469577.1554229342.1554229342.1\" target=\"_blank\"><strong>e<\/strong><\/a><\/p>\n<\/div><\/div>\n\n\n\n<p><\/p>\n\n\n\n<div class=\"wp-block-media-text alignwide is-stacked-on-mobile\"><figure class=\"wp-block-media-text__media\"><img loading=\"lazy\" decoding=\"async\" width=\"1920\" height=\"1280\" src=\"https:\/\/www.hotelsaintjacquesblois.com\/wp-content\/uploads\/2020\/04\/chambre-pour-4-personnes.jpg\" alt=\"\" class=\"wp-image-252\" srcset=\"https:\/\/www.hotelsaintjacquesblois.com\/wp-content\/uploads\/2020\/04\/chambre-pour-4-personnes.jpg 1920w, https:\/\/www.hotelsaintjacquesblois.com\/wp-content\/uploads\/2020\/04\/chambre-pour-4-personnes-300x200.jpg 300w, https:\/\/www.hotelsaintjacquesblois.com\/wp-content\/uploads\/2020\/04\/chambre-pour-4-personnes-768x512.jpg 768w, https:\/\/www.hotelsaintjacquesblois.com\/wp-content\/uploads\/2020\/04\/chambre-pour-4-personnes-1536x1024.jpg 1536w\" sizes=\"auto, (max-width: 1920px) 100vw, 1920px\" \/><\/figure><div class=\"wp-block-media-text__content\">\n<p style=\"font-size:26px\" class=\"has-text-align-center\"><strong>4 Personen ALLES INKLUSIVE 149,00 \u20ac<\/strong><\/p>\n\n\n\n<p class=\"has-medium-font-size\">Diese Formel enth\u00e4lt:<br>4 Mahlzeiten in unserem Restaurant, abends und 4 Fr\u00fchst\u00fccke.<br>Unsere Standard-Vierbettzimmer befinden sich im 1. oder 2. Stock ohne Aufzug und sind ausgestattet mit: 1 Doppelbett 140 x 190 und zwei Etagenbetten 90 x 190 Mit einem Flachbildfernseher und einem Schreibtisch. Unsere Badezimmer sind ausgestattet mit Duschen, F\u00f6n, WC und Waschbecken.<br>WIFI ist in diesen Zimmern kostenlos verf\u00fcgbar.<\/p>\n\n\n\n<p style=\"color:#0007a3;font-size:24px\" class=\"has-text-color has-text-align-center\"><strong><a rel=\"noreferrer noopener\" href=\"https:\/\/secure.reservit.com\/fo\/booking\/347\/6589\/availability?specialMode=default&amp;langcode=FR&amp;__utmz=85479691.1554229342.1.1.utmcsr%3D(direct)%7Cutmccn%3D(direct)%7Cutmcmd%3D(none)&amp;custid=347&amp;_ga=GA1.2.756614027.1544469577&amp;hotelid=6589&amp;m=booking&amp;__utma=85479691.756614027.1544469577.1554229342.1554229342.1\" target=\"_blank\">Boek her<\/a><\/strong><a rel=\"noreferrer noopener\" href=\"https:\/\/secure.reservit.com\/fo\/booking\/347\/6589\/availability?specialMode=default&amp;langcode=FR&amp;__utmz=85479691.1554229342.1.1.utmcsr%3D(direct)%7Cutmccn%3D(direct)%7Cutmcmd%3D(none)&amp;custid=347&amp;_ga=GA1.2.756614027.1544469577&amp;hotelid=6589&amp;m=booking&amp;__utma=85479691.756614027.1544469577.1554229342.1554229342.1\" target=\"_blank\"><strong>e<\/strong><\/a><\/p>\n<\/div><\/div>\n","protected":false},"excerpt":{"rendered":"<p>2 Personen ALLES INKLUSIVE 99,00 \u20ac Diese Formel enth\u00e4lt:2 Mahlzeiten in unserem Restaurant, abends und 2 Fr\u00fchst\u00fccke.Doppelzimmer im Hotel Saint Jacques. Unsere Doppelzimmer befinden sich im 1. oder 2. Stock ohne Aufzug und sind ausgestattet mit: 1 gro\u00dfem Doppelbett, Flachbild-TV, Schreibtisch. Alle unsere Zimmer verf\u00fcgen \u00fcber ein eigenes Bad. Unsere Badezimmer sind mit einer Dusche, [&hellip;]<\/p>\n","protected":false},"author":1,"featured_media":0,"parent":0,"menu_order":0,"comment_status":"closed","ping_status":"closed","template":"","meta":{"_acf_changed":false,"om_disable_all_campaigns":false,"_monsterinsights_skip_tracking":false,"_monsterinsights_sitenote_active":false,"_monsterinsights_sitenote_note":"","_monsterinsights_sitenote_category":0,"footnotes":""},"class_list":["post-1565","page","type-page","status-publish","hentry"],"acf":[],"aioseo_notices":[],"_links":{"self":[{"href":"https:\/\/www.hotelsaintjacquesblois.com\/de\/wp-json\/wp\/v2\/pages\/1565","targetHints":{"allow":["GET"]}}],"collection":[{"href":"https:\/\/www.hotelsaintjacquesblois.com\/de\/wp-json\/wp\/v2\/pages"}],"about":[{"href":"https:\/\/www.hotelsaintjacquesblois.com\/de\/wp-json\/wp\/v2\/types\/page"}],"author":[{"embeddable":true,"href":"https:\/\/www.hotelsaintjacquesblois.com\/de\/wp-json\/wp\/v2\/users\/1"}],"replies":[{"embeddable":true,"href":"https:\/\/www.hotelsaintjacquesblois.com\/de\/wp-json\/wp\/v2\/comments?post=1565"}],"version-history":[{"count":7,"href":"https:\/\/www.hotelsaintjacquesblois.com\/de\/wp-json\/wp\/v2\/pages\/1565\/revisions"}],"predecessor-version":[{"id":1608,"href":"https:\/\/www.hotelsaintjacquesblois.com\/de\/wp-json\/wp\/v2\/pages\/1565\/revisions\/1608"}],"wp:attachment":[{"href":"https:\/\/www.hotelsaintjacquesblois.com\/de\/wp-json\/wp\/v2\/media?parent=1565"}],"curies":[{"name":"wp","href":"https:\/\/api.w.org\/{rel}","templated":true}]}}